{"id":37,"date":"2017-10-17T15:24:59","date_gmt":"2017-10-17T17:24:59","guid":{"rendered":"http:\/\/masterimportexport.com\/?page_id=37"},"modified":"2025-10-27T16:06:24","modified_gmt":"2025-10-27T19:06:24","slug":"customer-relations","status":"publish","type":"page","link":"https:\/\/masterimportexport.com\/pb\/customer-relations\/","title":{"rendered":"Atendimento"},"content":{"rendered":"<p><img decoding=\"async\" loading=\"lazy\" class=\"alignnone wp-image-102 size-full\" src=\"http:\/\/masterimportexport.com\/wp-content\/uploads\/2017\/10\/atendimento.jpg\" alt=\"\" width=\"1600\" height=\"300\" srcset=\"https:\/\/masterimportexport.com\/wp-content\/uploads\/2017\/10\/atendimento.jpg 1600w, https:\/\/masterimportexport.com\/wp-content\/uploads\/2017\/10\/atendimento-300x56.jpg 300w, https:\/\/masterimportexport.com\/wp-content\/uploads\/2017\/10\/atendimento-768x144.jpg 768w, https:\/\/masterimportexport.com\/wp-content\/uploads\/2017\/10\/atendimento-1024x192.jpg 1024w, https:\/\/masterimportexport.com\/wp-content\/uploads\/2017\/10\/atendimento-260x49.jpg 260w, https:\/\/masterimportexport.com\/wp-content\/uploads\/2017\/10\/atendimento-50x9.jpg 50w, https:\/\/masterimportexport.com\/wp-content\/uploads\/2017\/10\/atendimento-155x29.jpg 155w\" sizes=\"(max-width: 1600px) 100vw, 1600px\" \/><\/p>\n<p>Trabalhamos para atender cada vez melhor suas necessidades. Por isso, em breve nossos clientes poder\u00e3o utilizar nosso exclusivo sistema de Atendimento online com profissionais totalmente \u00e0 sua disposi\u00e7\u00e3o.<\/p>\n<p>Utilize nosso formul\u00e1rio de contato para direcionar sua solicita\u00e7\u00e3o.<\/p>\n<p>A MASTER se coloca \u00e0 disposi\u00e7\u00e3o para atend\u00ea-lo<\/p>\n<hr \/>\n<p>\n<div class=\"wpcf7 no-js\" id=\"wpcf7-f99-o1\" lang=\"pt-BR\" dir=\"ltr\">\n<div class=\"screen-reader-response\"><p role=\"status\" aria-live=\"polite\" aria-atomic=\"true\"><\/p> <ul><\/ul><\/div>\n<form action=\"\/pb\/wp-json\/wp\/v2\/pages\/37#wpcf7-f99-o1\" method=\"post\" class=\"wpcf7-form init\" aria-label=\"Formul\u00e1rios de contato\" novalidate=\"novalidate\" data-status=\"init\">\n<div style=\"display: none;\">\n<input type=\"hidden\" name=\"_wpcf7\" value=\"99\" \/>\n<input type=\"hidden\" name=\"_wpcf7_version\" value=\"5.7.7\" \/>\n<input type=\"hidden\" name=\"_wpcf7_locale\" value=\"pt_BR\" \/>\n<input type=\"hidden\" name=\"_wpcf7_unit_tag\" value=\"wpcf7-f99-o1\" \/>\n<input type=\"hidden\" name=\"_wpcf7_container_post\" value=\"0\" \/>\n<input type=\"hidden\" name=\"_wpcf7_posted_data_hash\" value=\"\" \/>\n<\/div>\n<p><span class=\"wpcf7-form-control-wrap\" data-name=\"natureza-mensagem\"><select class=\"wpcf7-form-control wpcf7-select\" aria-invalid=\"false\" name=\"natureza-mensagem\"><option value=\"Select type:\">Select type:<\/option><option value=\"Inquiry\">Inquiry<\/option><option value=\"Question\">Question<\/option><option value=\"Suggestion\">Suggestion<\/option><option value=\"Quote Request\">Quote Request<\/option><option value=\"Other\">Other<\/option><\/select><\/span>\n<\/p>\n<p><label> Your name (required)<br \/>\n<span class=\"wpcf7-form-control-wrap\" data-name=\"nome\"><input size=\"40\" class=\"wpcf7-form-control wpcf7-text wpcf7-validates-as-required\" aria-required=\"true\" aria-invalid=\"false\" value=\"\" type=\"text\" name=\"nome\" \/><\/span> <\/label>\n<\/p>\n<p><label> Company (required)<br \/>\n<span class=\"wpcf7-form-control-wrap\" data-name=\"empresa\"><input size=\"40\" class=\"wpcf7-form-control wpcf7-text wpcf7-validates-as-required\" aria-required=\"true\" aria-invalid=\"false\" value=\"\" type=\"text\" name=\"empresa\" \/><\/span> <\/label>\n<\/p>\n<p><label> Your e-mail (required)<br \/>\n<span class=\"wpcf7-form-control-wrap\" data-name=\"email\"><input size=\"40\" class=\"wpcf7-form-control wpcf7-text wpcf7-email wpcf7-validates-as-required wpcf7-validates-as-email\" aria-required=\"true\" aria-invalid=\"false\" value=\"\" type=\"email\" name=\"email\" \/><\/span> <\/label>\n<\/p>\n<p><label> Phone<br \/>\n<span class=\"wpcf7-form-control-wrap\" data-name=\"telefone\"><input size=\"40\" class=\"wpcf7-form-control wpcf7-text wpcf7-tel wpcf7-validates-as-tel\" aria-invalid=\"false\" value=\"\" type=\"tel\" name=\"telefone\" \/><\/span> <\/label>\n<\/p>\n<p><label> Contry<br \/>\n<span class=\"wpcf7-form-control-wrap\" data-name=\"pais\"><input size=\"40\" class=\"wpcf7-form-control wpcf7-text\" aria-invalid=\"false\" value=\"\" type=\"text\" name=\"pais\" \/><\/span> <\/label>\n<\/p>\n<p><label> Your message<br \/>\n<span class=\"wpcf7-form-control-wrap\" data-name=\"your-message\"><textarea cols=\"40\" rows=\"10\" class=\"wpcf7-form-control wpcf7-textarea\" aria-invalid=\"false\" name=\"your-message\"><\/textarea><\/span> <\/label>\n<\/p>\n<p><input class=\"wpcf7-form-control has-spinner wpcf7-submit\" type=\"submit\" value=\"Submit\" \/>\n<\/p><p style=\"display: none !important;\"><label>&#916;<textarea name=\"_wpcf7_ak_hp_textarea\" cols=\"45\" rows=\"8\" maxlength=\"100\"><\/textarea><\/label><input type=\"hidden\" id=\"ak_js_1\" name=\"_wpcf7_ak_js\" value=\"42\"\/><script>document.getElementById( \"ak_js_1\" ).setAttribute( \"value\", ( new Date() ).getTime() );<\/script><\/p><div class=\"wpcf7-response-output\" aria-hidden=\"true\"><\/div>\n<\/form>\n<\/div>\n<\/p>","protected":false},"excerpt":{"rendered":"<p>Trabalhamos para atender cada vez melhor suas necessidades. Por isso, em breve nossos clientes poder\u00e3o utilizar nosso exclusivo sistema de Atendimento online com profissionais totalmente \u00e0 [&hellip;]<\/p>\n","protected":false},"author":1,"featured_media":0,"parent":0,"menu_order":0,"comment_status":"closed","ping_status":"closed","template":"","meta":[],"_links":{"self":[{"href":"https:\/\/masterimportexport.com\/pb\/wp-json\/wp\/v2\/pages\/37"}],"collection":[{"href":"https:\/\/masterimportexport.com\/pb\/wp-json\/wp\/v2\/pages"}],"about":[{"href":"https:\/\/masterimportexport.com\/pb\/wp-json\/wp\/v2\/types\/page"}],"author":[{"embeddable":true,"href":"https:\/\/masterimportexport.com\/pb\/wp-json\/wp\/v2\/users\/1"}],"replies":[{"embeddable":true,"href":"https:\/\/masterimportexport.com\/pb\/wp-json\/wp\/v2\/comments?post=37"}],"version-history":[{"count":8,"href":"https:\/\/masterimportexport.com\/pb\/wp-json\/wp\/v2\/pages\/37\/revisions"}],"predecessor-version":[{"id":274,"href":"https:\/\/masterimportexport.com\/pb\/wp-json\/wp\/v2\/pages\/37\/revisions\/274"}],"wp:attachment":[{"href":"https:\/\/masterimportexport.com\/pb\/wp-json\/wp\/v2\/media?parent=37"}],"curies":[{"name":"wp","href":"https:\/\/api.w.org\/{rel}","templated":true}]}}