{"id":2,"date":"2017-10-17T12:43:21","date_gmt":"2017-10-17T14:43:21","guid":{"rendered":"http:\/\/masterimportexport.com\/?page_id=2"},"modified":"2025-10-27T16:24:18","modified_gmt":"2025-10-27T19:24:18","slug":"home","status":"publish","type":"page","link":"https:\/\/masterimportexport.com\/pb\/","title":{"rendered":"P\u00e1gina Inicial"},"content":{"rendered":"<p><iframe loading=\"lazy\" src=\"https:\/\/br.widgets.investing.com\/live-currency-cross-rates?theme=lightTheme&#038;hideTitle=true&#038;roundedCorners=true&#038;pairs=1,9419,1516,2103,2124\" width=\"100%\" height=\"270px\" frameborder=\"0\" allowtransparency=\"true\" marginwidth=\"0\" marginheight=\"0\"><\/iframe><\/p>\n<p><!-- #Content --><\/p>\n<div id=\"Content\" style=\"font-color:#000000\">\n<div class=\"content_wrapper clearfix\">\n<p><!-- .sections_group --><\/p>\n<div class=\"sections_group\">\n<div class=\"section \" style=\"padding: 0px 0;\">\n<div class=\"section_wrapper clearfix\">\n<div class=\"items_group clearfix\">\n<div class=\"column one fancy_heading\">\n<div class=\"fancy_heading_wrapper \">\n<h2>Porque Master Import Export?<\/h2>\n<div class=\"inside\" style=\"font-color:#000000\">Trabalhamos h\u00e1 mais de 20 anos na \u00e1rea de Com\u00e9rcio Exterior, com o objetivo de obter redu\u00e7\u00e3o de custos, agilidade nos processos e conselhos sobre a entrega de solu\u00e7\u00f5es.<\/div>\n<p>&nbsp;<\/p>\n<\/div>\n<\/div>\n<div class=\"column one-third accordion\">\n<div class=\"mfn-acc accordion \">\n<div class=\"question\">\n<h5>Consultoria em com\u00e9rcio exterior<\/h5>\n<div class=\"answer\"><\/div>\n<\/div>\n<div class=\"question\">\n<h5>Desembara\u00e7os aduaneiros na importa\u00e7\u00e3o e exporta\u00e7\u00e3o;<\/h5>\n<div class=\"answer\"><\/div>\n<\/div>\n<div class=\"question\">\n<h5>Consolida\u00e7\u00e3o de cargas por conta pr\u00f3pria ou de terceiros no Brasil e no exterior;<\/h5>\n<div class=\"answer\"><\/div>\n<\/div>\n<div class=\"question\">\n<h5>Agenciamento de cargas no Brasil e no exterior, bem como fretes mar\u00edtimos e a\u00e9reos no Brasil e no exterior;<\/h5>\n<div class=\"answer\"><\/div>\n<\/div>\n<div class=\"question\">\n<h5>Desembara\u00e7os junto aos pa\u00edses do Mercosul;<\/h5>\n<div class=\"answer\"><\/div>\n<\/div>\n<div class=\"question\">\n<h5>Contrata\u00e7\u00e3o de c\u00e2mbio, obten\u00e7\u00e3o de Drawback e elabora\u00e7\u00e3o de projetos<\/h5>\n<div class=\"answer\"><\/div>\n<\/div>\n<\/div>\n<\/div>\n<div class=\"column one-third article_box\">\n<div class=\"article_box_wrapper\">\n<h4 class=\"title\">Consultoria Especializada<\/h4>\n<div class=\"photo\"><img decoding=\"async\" class=\"scale-with-grid\" src=\"http:\/\/www.masterimportexport.com\/wp-content\/uploads\/2017\/10\/consultoria-master.jpg\" alt=\"Consultoria Especializada\" \/><\/div>\n<div class=\"desc\">\n<p>A Master Import Export \u00e9 especialista na presta\u00e7\u00e3o de consultoria em gest\u00e3o, estrat\u00e9gia e mercado para micro, pequenas e m\u00e9dias empresas. Solicite atendimento e conhe\u00e7a como podemos ajudar uma micro, pequena ou m\u00e9dia empresa a se desenvolver e crescer.<\/p>\n<\/div>\n<\/div>\n<\/div>\n<div class=\"column one-third article_box\">\n<div class=\"article_box_wrapper\">\n<h4 class=\"title\">Noss\u00e3o Miss\u00e3o<\/h4>\n<div class=\"photo\"><img decoding=\"async\" class=\"scale-with-grid\" src=\"http:\/\/www.masterimportexport.com\/wp-content\/uploads\/2017\/10\/missao-master.jpg\" alt=\"Noss\u00e3o Miss\u00e3o\" \/><\/div>\n<div class=\"desc\">\n<p>Temos como principal foco oferecer consultoria e assessoria em todos os aspectos da atividade de Com\u00e9rcio Exterior, visando sempre: agilidade efici\u00eancia e exatid\u00e3o de informa\u00e7\u00f5es e procedimentos, estando aptos a executar Importa\u00e7\u00f5es e Exporta\u00e7\u00f5es de qualquer natureza.<\/p>\n<\/div>\n<\/div>\n<\/div>\n<\/div>\n<\/div>\n<\/div>\n<div class=\"section \" style=\"padding: 0px 0 0px; ; background-image: url('http:\/\/www.masterimportexport.com\/wp-content\/uploads\/2017\/10\/map-1.jpeg'); background-repeat: no-repeat; background-position: center top;\">\n<div class=\"section_wrapper clearfix\">\n<div class=\"items_group clearfix\">\n<div class=\"column one fancy_heading\">\n<div class=\"fancy_heading_wrapper no_icon\">\n<h2>Oportunidades de Neg\u00f3cios<\/h2>\n<div class=\"inside\">Master Import Export \u00e9 garantia de oportunidade e bons neg\u00f3cios. Conhe\u00e7a nosso produtos em destaque e fa\u00e7a grandes neg\u00f3cios.<\/div>\n<\/div>\n<\/div>\n<div class=\"column one portfolio\">\n<div class=\"portfolio_wrapper\">\n<ul class=\"portfolio-slider\">\n<li>\n<div class=\"photo\">\n<p><img decoding=\"async\" loading=\"lazy\" class=\"scale-with-grid wp-post-image\" src=\"http:\/\/masterimportexport.com\/wp-content\/uploads\/2017\/10\/produtos-ferro-gusa.jpg\" alt=\"\" width=\"380\" height=\"380\" \/><\/p>\n<div class=\"mask\"><\/div>\n<\/div>\n<div class=\"desc\">\n<h4 class=\"title\"><a href=\"http:\/\/masterimportexport.com\/en\/portfolio-item\/exportacao-de-ferro-gusa\/\">Exporta\u00e7\u00e3o de Ferro Gusa<\/a><\/h4>\n<div class=\"inside\">Ferro Gusa \u2013 Mat\u00e9ria-prima do mais alto grau de qualidade para a produ\u00e7\u00e3o de ligas met\u00e1licas e fabrica\u00e7\u00e3o do A\u00e7o. A Master Import &amp; Export atua [\u2026]<\/div>\n<\/div>\n<\/li>\n<li>\n<div class=\"photo\">\n<p><img decoding=\"async\" loading=\"lazy\" class=\"scale-with-grid wp-post-image\" src=\"http:\/\/masterimportexport.com\/wp-content\/uploads\/2017\/10\/produtos-madeira.jpg\" alt=\"\" width=\"380\" height=\"380\" \/><\/p>\n<div class=\"mask\"><\/div>\n<\/div>\n<div class=\"desc\">\n<h4 class=\"title\"><a href=\"http:\/\/masterimportexport.com\/en\/portfolio-item\/exportacao-de-madeiras\/\">Exporta\u00e7\u00e3o de Madeiras<\/a><\/h4>\n<div class=\"inside\">Madeiras nobres brutas e\/ou beneficiadas para a ind\u00fastria moveleira, constru\u00e7\u00e3o civil, acabamentos, revestimentos, pisos. Madeiras documentadas de origem totalmente id\u00f4neas e licenciadas pelos \u00f3rg\u00e3os reguladores brasileiros [\u2026]<\/div>\n<\/div>\n<\/li>\n<li>\n<div class=\"photo\">\n<p><img decoding=\"async\" loading=\"lazy\" class=\"scale-with-grid wp-post-image\" src=\"http:\/\/masterimportexport.com\/wp-content\/uploads\/2017\/10\/produtos-aco.jpg\" alt=\"\" width=\"380\" height=\"380\" \/><\/p>\n<div class=\"mask\"><\/div>\n<\/div>\n<div class=\"desc\">\n<h4 class=\"title\"><a href=\"http:\/\/masterimportexport.com\/en\/portfolio-item\/exportacao-de-aco\/\">Exporta\u00e7\u00e3o de A\u00e7o<\/a><\/h4>\n<div class=\"inside\">A\u00e7o da melhor qualidade \u2013 industrializado e\/ou manufaturado \u2013 para constru\u00e7\u00e3o civil, ind\u00fastria, setor automotivo, naval e agropecu\u00e1rio. Constru\u00e7\u00e3o civil, ind\u00fastria de manufatura, setor automotivo, naval [\u2026]<\/div>\n<\/div>\n<\/li>\n<li>\n<div class=\"photo\">\n<p><img decoding=\"async\" loading=\"lazy\" class=\"scale-with-grid wp-post-image\" src=\"http:\/\/masterimportexport.com\/wp-content\/uploads\/2017\/10\/produtos-aluminio.jpg\" alt=\"\" width=\"380\" height=\"380\" \/><\/p>\n<div class=\"mask\"><\/div>\n<\/div>\n<div class=\"desc\">\n<h4 class=\"title\"><a href=\"http:\/\/masterimportexport.com\/en\/portfolio-item\/exportacao-de-aluminio\/\">Exporta\u00e7\u00e3o de Alum\u00ednio<\/a><\/h4>\n<div class=\"inside\">L\u00edder na exporta\u00e7\u00e3o de alum\u00ednio, a Master Import &amp; Export se destaca pelo seu desempenho na capacidade de satisfazer os seus clientes e pela qualidade do [\u2026]<\/div>\n<\/div>\n<\/li>\n<\/ul>\n<\/div>\n<\/div>\n<\/div>\n<\/div>\n<\/div>\n<div class=\"section \" style=\"padding: 0px 0;\">\n<div class=\"section_wrapper clearfix\">\n<div class=\"items_group clearfix\"><\/div>\n<\/div>\n<\/div>\n<div class=\"section \" style=\"padding: 0px 0;\">\n<div class=\"section_wrapper clearfix\">\n<div class=\"items_group clearfix\">\n<div class=\"column one fancy_heading\">\n<div class=\"fancy_heading_wrapper no_icon\">\n<h2>Solicitar contato<\/h2>\n<div class=\"inside\">Obten\u00e7\u00e3o de resultados e redu\u00e7\u00e3o de custos \u00e9 o nosso objetivo. Saiba mais sobre a Master Import Export e solicite um contato sem compromisso<\/div>\n<\/div>\n<\/div>\n<div class=\"column one article_box\">\n<div class=\"article_box_wrapper\">\n<div class=\"photo\"><a href=\"https:\/\/masterimportexport.com\/customer-relations\/\"><img class=\"scale-with-grid\" alt=\"\" \/><\/a><\/div>\n<div class=\"desc\"><\/div>\n<p><a class=\"button\" href=\"https:\/\/masterimportexport.com\/customer-relations\/\">Solicitar contato<\/a><\/p>\n<\/div>\n<\/div>\n<\/div>\n<\/div>\n<\/div>\n<\/div>\n<p><!-- .four-columns - sidebar --><\/p>","protected":false},"excerpt":{"rendered":"<p>Porque Master Import Export? Trabalhamos h\u00e1 mais de 20 anos na \u00e1rea de Com\u00e9rcio Exterior, com o objetivo de obter redu\u00e7\u00e3o de custos, agilidade nos processos [&hellip;]<\/p>\n","protected":false},"author":1,"featured_media":0,"parent":0,"menu_order":0,"comment_status":"closed","ping_status":"open","template":"","meta":[],"_links":{"self":[{"href":"https:\/\/masterimportexport.com\/pb\/wp-json\/wp\/v2\/pages\/2"}],"collection":[{"href":"https:\/\/masterimportexport.com\/pb\/wp-json\/wp\/v2\/pages"}],"about":[{"href":"https:\/\/masterimportexport.com\/pb\/wp-json\/wp\/v2\/types\/page"}],"author":[{"embeddable":true,"href":"https:\/\/masterimportexport.com\/pb\/wp-json\/wp\/v2\/users\/1"}],"replies":[{"embeddable":true,"href":"https:\/\/masterimportexport.com\/pb\/wp-json\/wp\/v2\/comments?post=2"}],"version-history":[{"count":40,"href":"https:\/\/masterimportexport.com\/pb\/wp-json\/wp\/v2\/pages\/2\/revisions"}],"predecessor-version":[{"id":283,"href":"https:\/\/masterimportexport.com\/pb\/wp-json\/wp\/v2\/pages\/2\/revisions\/283"}],"wp:attachment":[{"href":"https:\/\/masterimportexport.com\/pb\/wp-json\/wp\/v2\/media?parent=2"}],"curies":[{"name":"wp","href":"https:\/\/api.w.org\/{rel}","templated":true}]}}