{"id":19,"date":"2017-10-17T15:23:02","date_gmt":"2017-10-17T17:23:02","guid":{"rendered":"http:\/\/masterimportexport.com\/?page_id=19"},"modified":"2025-10-27T15:16:31","modified_gmt":"2025-10-27T18:16:31","slug":"the-company","status":"publish","type":"page","link":"https:\/\/masterimportexport.com\/pb\/the-company\/","title":{"rendered":"A Empresa"},"content":{"rendered":"<p>Empresa de com\u00e9rcio exterior, importador e exportador de produtos no mercado externo internacional. Atua\u00e7\u00e3o no mercado internacional. Nossa miss\u00e3o \u00e9 fornecer solu\u00e7\u00f5es em com\u00e9rcio exterior e comercializar produtos brasileiros e internacionais em todos pa\u00edses dos continentes europeu, americano, asi\u00e1tico e africano.<\/p>\n<p>Com atua\u00e7\u00e3o focada em com\u00e9rcio exterior, a MASTER \u00e9 importadora e exportadora. Tem sede em Bel\u00e9m do Par\u00e1, Brasil e Miami, EUA. Operando com representantes e parceiros internacionais em todos os continentes.<\/p>\n<p>Utilizando modernos recursos tecnol\u00f3gicos, uma rede de informa\u00e7\u00f5es constante e atualizada, com atividade comercial em v\u00e1rios pa\u00edses, a MASTER oferece uma parceria confi\u00e1vel e produtiva nestes novos tempos de integra\u00e7\u00e3o do com\u00e9rcio internacional<\/p>","protected":false},"excerpt":{"rendered":"<p>Empresa de com\u00e9rcio exterior, importador e exportador de produtos no mercado externo internacional. Atua\u00e7\u00e3o no mercado internacional. Nossa miss\u00e3o \u00e9 fornecer solu\u00e7\u00f5es em com\u00e9rcio exterior e [&hellip;]<\/p>\n","protected":false},"author":1,"featured_media":0,"parent":0,"menu_order":0,"comment_status":"closed","ping_status":"closed","template":"","meta":[],"_links":{"self":[{"href":"https:\/\/masterimportexport.com\/pb\/wp-json\/wp\/v2\/pages\/19"}],"collection":[{"href":"https:\/\/masterimportexport.com\/pb\/wp-json\/wp\/v2\/pages"}],"about":[{"href":"https:\/\/masterimportexport.com\/pb\/wp-json\/wp\/v2\/types\/page"}],"author":[{"embeddable":true,"href":"https:\/\/masterimportexport.com\/pb\/wp-json\/wp\/v2\/users\/1"}],"replies":[{"embeddable":true,"href":"https:\/\/masterimportexport.com\/pb\/wp-json\/wp\/v2\/comments?post=19"}],"version-history":[{"count":6,"href":"https:\/\/masterimportexport.com\/pb\/wp-json\/wp\/v2\/pages\/19\/revisions"}],"predecessor-version":[{"id":268,"href":"https:\/\/masterimportexport.com\/pb\/wp-json\/wp\/v2\/pages\/19\/revisions\/268"}],"wp:attachment":[{"href":"https:\/\/masterimportexport.com\/pb\/wp-json\/wp\/v2\/media?parent=19"}],"curies":[{"name":"wp","href":"https:\/\/api.w.org\/{rel}","templated":true}]}}