{"id":23,"date":"2017-10-17T15:23:47","date_gmt":"2017-10-17T17:23:47","guid":{"rendered":"http:\/\/masterimportexport.com\/?page_id=23"},"modified":"2025-10-27T17:43:28","modified_gmt":"2025-10-27T20:43:28","slug":"consulting","status":"publish","type":"page","link":"http:\/\/masterimportexport.com\/pb\/consulting\/","title":{"rendered":"Consultoria"},"content":{"rendered":"<p><\/p>\n<h2>Principais Atividades:<\/h2>\n<p>:: Consultoria em com\u00e9rcio exterior;<br \/>\n:: Desembara\u00e7os aduaneiros na importa\u00e7\u00e3o e exporta\u00e7\u00e3o;<br \/>\n::Consolida\u00e7\u00e3o de cargas por conta pr\u00f3pria ou de terceiros no<br \/>\nBrasil e no exterior;<br \/>\n:: Agenciamento de cargas no Brasil e no exterior;<br \/>\n:: Agenciamento de fretes mar\u00edtimos e a\u00e9reos no Brasil e no exterior;<br \/>\n:: Desembara\u00e7os junto aos pa\u00edses do Mercosul;<br \/>\n:: Transporte de mercadorias e pequenas encomendas;<br \/>\n:: Contrata\u00e7\u00e3o de c\u00e2mbio;<br \/>\n:: Obten\u00e7\u00e3o de Drawback;<br \/>\n:: Elabora\u00e7\u00e3o de projetos &#8211; Financiamento &#8211; Banco do Brasil S.A.<\/p>\n<p>&nbsp;<\/p>\n<p>Atrav\u00e9s dos servi\u00e7os de consultoria em com\u00e9rcio exterior da MASTER, todo o processo \u00e9 realizado por nossa equipe: rela\u00e7\u00e3o com armadores, Siscomex, transportadoras, Receita Federal, bancos, fornecedores na origem e todas as entidades envolvidas neste tr\u00e2mite, garantindo-lhe o menor custo da cadeia log\u00edstica e tribut\u00e1ria internacional.<\/p>\n<p>Seguran\u00e7a total com sua carga, licen\u00e7as de importa\u00e7\u00e3o, tr\u00e2mite de documentos, desembara\u00e7o, fechamento de cambio e de custos para a sua empresa. Relat\u00f3rios gerenciais poder\u00e3o comprovar os benef\u00edcios de trabalhar de forma integrada.<\/p>\n<p>Entre em contato conosco para uma conversa sem compromisso.<\/p>\n<p><a href=\"http:\/\/masterimportexport.com\/atendimento\/\"><img decoding=\"async\" loading=\"lazy\" class=\"alignnone wp-image-107 size-full\" src=\"http:\/\/masterimportexport.com\/wp-content\/uploads\/2017\/10\/solicite-atendimento2.jpg\" alt=\"\" width=\"1600\" height=\"300\" srcset=\"http:\/\/masterimportexport.com\/wp-content\/uploads\/2017\/10\/solicite-atendimento2.jpg 1600w, http:\/\/masterimportexport.com\/wp-content\/uploads\/2017\/10\/solicite-atendimento2-300x56.jpg 300w, http:\/\/masterimportexport.com\/wp-content\/uploads\/2017\/10\/solicite-atendimento2-768x144.jpg 768w, http:\/\/masterimportexport.com\/wp-content\/uploads\/2017\/10\/solicite-atendimento2-1024x192.jpg 1024w, http:\/\/masterimportexport.com\/wp-content\/uploads\/2017\/10\/solicite-atendimento2-260x49.jpg 260w, http:\/\/masterimportexport.com\/wp-content\/uploads\/2017\/10\/solicite-atendimento2-50x9.jpg 50w, http:\/\/masterimportexport.com\/wp-content\/uploads\/2017\/10\/solicite-atendimento2-155x29.jpg 155w\" sizes=\"(max-width: 1600px) 100vw, 1600px\" \/><\/a><\/p>","protected":false},"excerpt":{"rendered":"<p>Principais Atividades: :: Consultoria em com\u00e9rcio exterior; :: Desembara\u00e7os aduaneiros na importa\u00e7\u00e3o e exporta\u00e7\u00e3o; ::Consolida\u00e7\u00e3o de cargas por conta pr\u00f3pria ou de terceiros no Brasil e [&hellip;]<\/p>\n","protected":false},"author":1,"featured_media":0,"parent":0,"menu_order":0,"comment_status":"closed","ping_status":"closed","template":"","meta":[],"_links":{"self":[{"href":"http:\/\/masterimportexport.com\/pb\/wp-json\/wp\/v2\/pages\/23"}],"collection":[{"href":"http:\/\/masterimportexport.com\/pb\/wp-json\/wp\/v2\/pages"}],"about":[{"href":"http:\/\/masterimportexport.com\/pb\/wp-json\/wp\/v2\/types\/page"}],"author":[{"embeddable":true,"href":"http:\/\/masterimportexport.com\/pb\/wp-json\/wp\/v2\/users\/1"}],"replies":[{"embeddable":true,"href":"http:\/\/masterimportexport.com\/pb\/wp-json\/wp\/v2\/comments?post=23"}],"version-history":[{"count":8,"href":"http:\/\/masterimportexport.com\/pb\/wp-json\/wp\/v2\/pages\/23\/revisions"}],"predecessor-version":[{"id":286,"href":"http:\/\/masterimportexport.com\/pb\/wp-json\/wp\/v2\/pages\/23\/revisions\/286"}],"wp:attachment":[{"href":"http:\/\/masterimportexport.com\/pb\/wp-json\/wp\/v2\/media?parent=23"}],"curies":[{"name":"wp","href":"https:\/\/api.w.org\/{rel}","templated":true}]}}