{"id":21,"date":"2017-10-17T15:23:37","date_gmt":"2017-10-17T17:23:37","guid":{"rendered":"http:\/\/masterimportexport.com\/?page_id=21"},"modified":"2025-10-27T16:10:15","modified_gmt":"2025-10-27T19:10:15","slug":"export-and-import","status":"publish","type":"page","link":"http:\/\/masterimportexport.com\/pb\/export-and-import\/","title":{"rendered":"Exporta\u00e7\u00e3o &#038; Importa\u00e7\u00e3o"},"content":{"rendered":"<p>Execu\u00e7\u00e3o de compras no exterior e comercializa\u00e7\u00e3o de produtos do Brasil no mercado externo. Realizamos importa\u00e7\u00f5es e exporta\u00e7\u00f5es de produtos brasileiros e internacionais em todo mercado internacional.<\/p>\n<h3>Importa\u00e7\u00e3o<\/h3>\n<p>Com larga experi\u00eancia e utilizando todos os recursos dispon\u00edveis em com\u00e9rcio exterior, executamos importa\u00e7\u00f5es com efici\u00eancia e seguran\u00e7a, prestando servi\u00e7os de negocia\u00e7\u00e3o com fornecedores estrangeiros, compras no exterior, documenta\u00e7\u00e3o, transporte, nacionaliza\u00e7\u00e3o e consultoria internacional.<\/p>\n<p>Nossos esfor\u00e7os s\u00e3o voltados \u00e0 qualidade e ao atendimento das necessidades espec\u00edficas de nossos clientes.<\/p>\n<p>:: Gerenciamento completo da importa\u00e7\u00e3o;<img decoding=\"async\" loading=\"lazy\" class=\" wp-image-129 alignright\" src=\"http:\/\/masterimportexport.com\/wp-content\/uploads\/2017\/10\/navio-600x399-300x200.jpg\" alt=\"\" width=\"416\" height=\"277\" srcset=\"http:\/\/masterimportexport.com\/wp-content\/uploads\/2017\/10\/navio-600x399-300x200.jpg 300w, http:\/\/masterimportexport.com\/wp-content\/uploads\/2017\/10\/navio-600x399-220x146.jpg 220w, http:\/\/masterimportexport.com\/wp-content\/uploads\/2017\/10\/navio-600x399-50x33.jpg 50w, http:\/\/masterimportexport.com\/wp-content\/uploads\/2017\/10\/navio-600x399.jpg 600w, http:\/\/masterimportexport.com\/wp-content\/uploads\/2017\/10\/navio-600x399-120x80.jpg 120w\" sizes=\"(max-width: 416px) 100vw, 416px\" \/><br \/>\n:: Agenciamento de cargas internacionais;<br \/>\n:: Controle de Bill of Lading e Houses;<br \/>\n:: Pr\u00e9 C\u00e1lculo do custo da importa\u00e7\u00e3o;<br \/>\n:: Classifica\u00e7\u00e3o tarif\u00e1ria;<br \/>\n:: Confec\u00e7\u00e3o de Licen\u00e7a de Importa\u00e7\u00e3o (LI);<br \/>\n:: Confec\u00e7\u00e3o de Declara\u00e7\u00e3o de Importa\u00e7\u00e3o (DI) eletr\u00f4nica;<br \/>\n:: Despacho de Tr\u00e2nsito Aduaneiro (DTA);<br \/>\n:: Admiss\u00e3o tempor\u00e1ria;<br \/>\n:: Drawback;<br \/>\n:: Solicita\u00e7\u00e3o de anu\u00eancia junto ao DECEX;<br \/>\n:: Minuta da nota fiscal de entrada para emiss\u00e3o pelo importador;<br \/>\n:: Minuta do custo final da importa\u00e7\u00e3o geral ou por item;<br \/>\n:: Faturamento logo ap\u00f3s o desembara\u00e7o;<br \/>\n:: Entrepostamento de mercadorias (DAP e EADI);<br \/>\n:: Log\u00edstica de transporte;<\/p>\n<hr \/>\n<h3>Exporta\u00e7\u00e3o<\/h3>\n<p>Agilidade, Precis\u00e3o e Excel\u00eancia de Resultados!<\/p>\n<p>Executamos exporta\u00e7\u00f5es para qualquer pa\u00eds do mundo, utilizando os melhores e mais qualificados agentes no exterior. Participamos desde o contato inicial com o seu mercado-alvo, at\u00e9 a chegada e libera\u00e7\u00e3o da mercadoria no destino, providenciando os c\u00e1lculos de forma\u00e7\u00e3o de pre\u00e7o, documenta\u00e7\u00e3o, coleta, espa\u00e7o a\u00e9reo\/mar\u00edtimo, declara\u00e7\u00e3o de despacho aduaneiro, certificado de origem e opera\u00e7\u00f5es de c\u00e2mbio necess\u00e1rias.<\/p>\n<p>E se exportar ainda n\u00e3o \u00e9 uma realidade para a sua empresa, ou voc\u00ea deseja atuar em outros pa\u00edses, prospec\u00e7\u00e3o de novos mercados e capta\u00e7\u00e3o de clientes tamb\u00e9m \u00e9 uma especialidade da MASTER.<\/p>\n<p>:: Registro no RADAR e SISCOMEX;<br \/>\n:: Gerenciamento completo de exporta\u00e7\u00e3o:<br \/>\n. Exporta\u00e7\u00e3o pa\u00e1o a pa\u00e1o.<br \/>\n. Forma\u00e7\u00e3o de pre\u00e7o na exporta\u00e7\u00e3o.<br \/>\n. Embalagem adequada.<br \/>\n. Incoterms e Formas de Pagamento.<br \/>\n:: Agenciamento de cargas nacionais<br \/>\n:: Fatura Comercial<br \/>\n:: Classifica\u00e7\u00e3o tarif\u00e1ria<br \/>\n:: Registro de Exporta\u00e7\u00e3o (RE) &#8211; Digita\u00e7\u00e3o autom\u00e1tica SISCOMEX<br \/>\n:: Declara\u00e7\u00e3o de Despacho de Exporta\u00e7\u00e3o (DDE) e presen\u00e7a de carga<br \/>\n:: Obten\u00e7\u00e3o de anu\u00eancia junto aos \u00f3rg\u00e3os governamentais<br \/>\n:: Certificados de Origem MERCOSUL, ALADI, SGP, FIESP<br \/>\n:: Aviso de embarque<br \/>\n:: Cota\u00e7\u00e3o e contrata\u00e7\u00e3o de frete<br \/>\n:: Consolida\u00e7\u00e3o de cargas<br \/>\n:: Drawback<br \/>\n:: Log\u00edstica de transporte<br \/>\n:: Fechamento e liquida\u00e7\u00e3o de c\u00e2mbio<\/p>\n<p><a href=\"http:\/\/masterimportexport.com\/customer-relations\/\"><img decoding=\"async\" loading=\"lazy\" class=\"alignnone wp-image-107 size-full\" src=\"http:\/\/masterimportexport.com\/wp-content\/uploads\/2017\/10\/solicite-atendimento2.jpg\" alt=\"\" width=\"1600\" height=\"300\" srcset=\"http:\/\/masterimportexport.com\/wp-content\/uploads\/2017\/10\/solicite-atendimento2.jpg 1600w, http:\/\/masterimportexport.com\/wp-content\/uploads\/2017\/10\/solicite-atendimento2-300x56.jpg 300w, http:\/\/masterimportexport.com\/wp-content\/uploads\/2017\/10\/solicite-atendimento2-768x144.jpg 768w, http:\/\/masterimportexport.com\/wp-content\/uploads\/2017\/10\/solicite-atendimento2-1024x192.jpg 1024w, http:\/\/masterimportexport.com\/wp-content\/uploads\/2017\/10\/solicite-atendimento2-260x49.jpg 260w, http:\/\/masterimportexport.com\/wp-content\/uploads\/2017\/10\/solicite-atendimento2-50x9.jpg 50w, http:\/\/masterimportexport.com\/wp-content\/uploads\/2017\/10\/solicite-atendimento2-155x29.jpg 155w\" sizes=\"(max-width: 1600px) 100vw, 1600px\" \/><\/a><\/p>","protected":false},"excerpt":{"rendered":"<p>Execu\u00e7\u00e3o de compras no exterior e comercializa\u00e7\u00e3o de produtos do Brasil no mercado externo. Realizamos importa\u00e7\u00f5es e exporta\u00e7\u00f5es de produtos brasileiros e internacionais em todo mercado [&hellip;]<\/p>\n","protected":false},"author":1,"featured_media":0,"parent":0,"menu_order":0,"comment_status":"closed","ping_status":"closed","template":"","meta":[],"_links":{"self":[{"href":"http:\/\/masterimportexport.com\/pb\/wp-json\/wp\/v2\/pages\/21"}],"collection":[{"href":"http:\/\/masterimportexport.com\/pb\/wp-json\/wp\/v2\/pages"}],"about":[{"href":"http:\/\/masterimportexport.com\/pb\/wp-json\/wp\/v2\/types\/page"}],"author":[{"embeddable":true,"href":"http:\/\/masterimportexport.com\/pb\/wp-json\/wp\/v2\/users\/1"}],"replies":[{"embeddable":true,"href":"http:\/\/masterimportexport.com\/pb\/wp-json\/wp\/v2\/comments?post=21"}],"version-history":[{"count":12,"href":"http:\/\/masterimportexport.com\/pb\/wp-json\/wp\/v2\/pages\/21\/revisions"}],"predecessor-version":[{"id":279,"href":"http:\/\/masterimportexport.com\/pb\/wp-json\/wp\/v2\/pages\/21\/revisions\/279"}],"wp:attachment":[{"href":"http:\/\/masterimportexport.com\/pb\/wp-json\/wp\/v2\/media?parent=21"}],"curies":[{"name":"wp","href":"https:\/\/api.w.org\/{rel}","templated":true}]}}